{"id":32987,"date":"2019-09-03T20:19:18","date_gmt":"2019-09-03T19:19:18","guid":{"rendered":"https:\/\/multia2z.com\/services-de-location\/"},"modified":"2020-01-31T01:05:28","modified_gmt":"2020-01-31T00:05:28","slug":"services-de-location","status":"publish","type":"page","link":"https:\/\/multia2z.com\/fr\/services-de-location\/","title":{"rendered":"Services de location"},"content":{"rendered":"<p>[et_pb_section fb_built=\u00a0\u00bb1&Prime; admin_label=\u00a0\u00bbHero\u00a0\u00bb _builder_version=\u00a0\u00bb3.15&Prime; background_color=\u00a0\u00bb#000000&Prime; use_background_color_gradient=\u00a0\u00bbon\u00a0\u00bb background_color_gradient_start=\u00a0\u00bb#063661&Prime; background_color_gradient_end=\u00a0\u00bbrgba(43,78,136,0.67)\u00a0\u00bb background_color_gradient_direction=\u00a0\u00bb118deg\u00a0\u00bb background_color_gradient_overlays_image=\u00a0\u00bbon\u00a0\u00bb custom_padding=\u00a0\u00bb90px|0px|0|0px|false|false\u00a0\u00bb bottom_divider_style=\u00a0\u00bbslant2&Prime; bottom_divider_color=\u00a0\u00bb#faa152&Prime; bottom_divider_height=\u00a0\u00bb260px\u00a0\u00bb bottom_divider_flip=\u00a0\u00bbvertical\u00a0\u00bb bottom_divider_height_phone=\u00a0\u00bb90px\u00a0\u00bb bottom_divider_height_last_edited=\u00a0\u00bbon|desktop\u00a0\u00bb][et_pb_row use_custom_width=\u00a0\u00bbon\u00a0\u00bb custom_width_px=\u00a0\u00bb1440px\u00a0\u00bb custom_padding=\u00a0\u00bb27px|0px|0|0px|false|false\u00a0\u00bb _builder_version=\u00a0\u00bb3.8&Prime;][et_pb_column type=\u00a0\u00bb2_3&Prime; _builder_version=\u00a0\u00bb3.0.47&Prime; parallax=\u00a0\u00bboff\u00a0\u00bb parallax_method=\u00a0\u00bbon\u00a0\u00bb][et_pb_text _builder_version=\u00a0\u00bb3.18.2&Prime; header_font=\u00a0\u00bbJosefin Sans|700|||||||\u00a0\u00bb header_font_size=\u00a0\u00bb60px\u00a0\u00bb header_font_size_tablet=\u00a0\u00bb50px\u00a0\u00bb header_font_size_phone=\u00a0\u00bb34px\u00a0\u00bb header_font_size_last_edited=\u00a0\u00bbon|phone\u00a0\u00bb header_line_height=\u00a0\u00bb1.4em\u00a0\u00bb background_layout=\u00a0\u00bbdark\u00a0\u00bb max_width=\u00a0\u00bb800px\u00a0\u00bb module_alignment=\u00a0\u00bbleft\u00a0\u00bb animation_style=\u00a0\u00bbfade\u00a0\u00bb]<\/p>\n<h1 style=\"font-size: 56px;\">location de studio \u00e0 partir de 30\u20ac\/heure<\/h1>\n<p><span style=\"color: #faa152;\"><\/span><\/p>\n<p><span style=\"color: #faa152;\"><\/span><\/p>\n<p><span style=\"color: #faa152;\"><\/span><\/p>\n<p>[\/et_pb_text][\/et_pb_column][et_pb_column type=\u00a0\u00bb1_3&Prime; _builder_version=\u00a0\u00bb3.0.47&Prime; parallax=\u00a0\u00bboff\u00a0\u00bb parallax_method=\u00a0\u00bbon\u00a0\u00bb][\/et_pb_column][\/et_pb_row][\/et_pb_section][et_pb_section fb_built=\u00a0\u00bb1&Prime; admin_label=\u00a0\u00bbListings\u00a0\u00bb _builder_version=\u00a0\u00bb3.15&Prime; background_color=\u00a0\u00bb#f5f6f7&Prime; custom_padding=\u00a0\u00bb54px|0px|4px|0px|false|false\u00a0\u00bb][et_pb_row _builder_version=\u00a0\u00bb3.9&Prime; locked=\u00a0\u00bboff\u00a0\u00bb][et_pb_column type=\u00a0\u00bb3_5&Prime; _builder_version=\u00a0\u00bb3.0.47&Prime; parallax=\u00a0\u00bboff\u00a0\u00bb parallax_method=\u00a0\u00bbon\u00a0\u00bb][et_pb_text _builder_version=\u00a0\u00bb3.18.2&Prime; text_font=\u00a0\u00bb||||||||\u00a0\u00bb text_text_color=\u00a0\u00bb#000000&Prime; text_font_size=\u00a0\u00bb17px\u00a0\u00bb]<\/p>\n<h2 style=\"font-weight: bold; color: #282f40;\">TARIF DE LOCATION DE STUDIO<\/h2>\n<p>Acompte obligatoire pour la r\u00e9servation<\/p>\n<p style=\"font-weight: bold;\"><u>Du lundi au samedi<\/u><\/p>\n<p>1\u00e8re heure 30,00\u20ac TTC<br \/> 2\u00e8me heure 25,00\u20ac TTC<br \/> Heure(s) suivante(s) 20,00\u20ac TTC<\/p>\n<p>Forfait \u00e0 la journ\u00e9e 120,00 \u20ac HT soit 144,00 \u20ac TTC<br \/> de 11h \u00e0 20h (du lundi au samedi)<\/p>\n<p><span style=\"text-decoration: underline; font-weight: bold;\">Fonds tissu gratuits<\/span><br \/> (blanc, noir, gris, chromakey bleu-vert)<\/p>\n<p><span style=\"text-decoration: underline;\"><strong>Fonds papier en option<\/strong><\/span><br \/> (noir, blanc, gris et chromakey vert)<br \/> 5,00 \u20ac l&rsquo;installation<br \/> 10,00 \u20ac le m\u00e8tre pi\u00e9tin\u00e9<br \/> <em>** Pas de remboursement mais report des s\u00e9ances, en cas d&rsquo;annulation.<\/em><\/p>\n<p>Notre studio mesure 3,50m x 5m.<br \/> Il est \u00e9quip\u00e9 des \u00e9clairages continus et flashs suivants:<br \/>&#8211; FOVITEC Kit d&rsquo;\u00e9clairage de studio photo et vid\u00e9o avec bo\u00eete \u00e0 lumi\u00e8re 20&Prime;x28&Prime; 2500 Watts<br \/>&#8211; ELINCHROM kit flash de studio D-Lite RX 4 Box<br \/>&#8211; APUTURE 120d Mark II Lampe vid\u00e9o \u00e0 LED Studio Storm LS C120d et accessoires<\/p>\n<p>&#8211;\u00a0<span style=\"font-size: 17px;\">PROJECTEUR LED 1001 BC de 5.300 lux \u00e0 1 m &#8211;\u00a0<\/span><span style=\"font-size: 17px;\">Temp\u00e9rature de couleur r\u00e9glable de 3.200 K \u00e0 5.600 K<\/span><\/p>\n<p>Pour plus d&rsquo;informations, n&rsquo;h\u00e9sitez pas \u00e0 nous contacter<br \/> par t\u00e9l\u00e9phone au 01 83 92 64 04 \/ courriel : contact@multia2z.com<\/p>\n<p>Notre \u00e9quipe se fera un plaisir de vous renseigner.<\/p>\n<p>[\/et_pb_text][\/et_pb_column][et_pb_column type=\u00a0\u00bb2_5&Prime; _builder_version=\u00a0\u00bb3.0.47&Prime; parallax=\u00a0\u00bboff\u00a0\u00bb parallax_method=\u00a0\u00bbon\u00a0\u00bb][et_pb_image src=\u00a0\u00bbhttps:\/\/multia2z.com\/wp-content\/uploads\/2018\/11\/Studio-rental.jpg\u00a0\u00bb _builder_version=\u00a0\u00bb3.18.2&Prime;][\/et_pb_image][\/et_pb_column][\/et_pb_row][et_pb_row use_custom_width=\u00a0\u00bbon\u00a0\u00bb custom_width_px=\u00a0\u00bb1280px\u00a0\u00bb use_custom_gutter=\u00a0\u00bbon\u00a0\u00bb gutter_width=\u00a0\u00bb2&Prime; custom_margin=\u00a0\u00bb||30px|\u00a0\u00bb background_color_1=\u00a0\u00bb#ffffff\u00a0\u00bb background_color_2=\u00a0\u00bb#ffffff\u00a0\u00bb background_color_3=\u00a0\u00bb#ffffff\u00a0\u00bb background_color_4=\u00a0\u00bb#ffffff\u00a0\u00bb _builder_version=\u00a0\u00bb3.9&Prime;][et_pb_column type=\u00a0\u00bb1_3&Prime; _builder_version=\u00a0\u00bb3.0.47&Prime; background_color=\u00a0\u00bb#ffffff\u00a0\u00bb parallax=\u00a0\u00bboff\u00a0\u00bb parallax_method=\u00a0\u00bbon\u00a0\u00bb][et_pb_image src=\u00a0\u00bbhttps:\/\/multia2z.com\/wp-content\/uploads\/2018\/11\/sp40-head-36-normal.jpg\u00a0\u00bb use_overlay=\u00a0\u00bbon\u00a0\u00bb overlay_icon_color=\u00a0\u00bb#dc7307&Prime; hover_overlay_color=\u00a0\u00bbrgba(255,255,255,0.85)\u00a0\u00bb force_fullwidth=\u00a0\u00bbon\u00a0\u00bb _builder_version=\u00a0\u00bb3.15&Prime; custom_margin=\u00a0\u00bb43px||25px|\u00a0\u00bb][\/et_pb_image][et_pb_toggle title=\u00a0\u00bbTrepied Shotoku SP40&Prime; open_toggle_background_color=\u00a0\u00bbrgba(0,0,0,0)\u00a0\u00bb closed_toggle_background_color=\u00a0\u00bbrgba(0,0,0,0)\u00a0\u00bb _builder_version=\u00a0\u00bb3.18.2&Prime; title_level=\u00a0\u00bbh4&Prime; title_font=\u00a0\u00bb|700|||||||\u00a0\u00bb title_font_size=\u00a0\u00bb16px\u00a0\u00bb title_font_size_last_edited=\u00a0\u00bboff|desktop\u00a0\u00bb title_line_height=\u00a0\u00bb1.6em\u00a0\u00bb body_font=\u00a0\u00bbJosefin Sans||||||||\u00a0\u00bb body_font_size=\u00a0\u00bb15px\u00a0\u00bb body_line_height=\u00a0\u00bb1.8em\u00a0\u00bb border_width_all=\u00a0\u00bb0px\u00a0\u00bb border_color_all=\u00a0\u00bbrgba(0,0,0,0.12)\u00a0\u00bb border_width_top=\u00a0\u00bb1px\u00a0\u00bb custom_margin=\u00a0\u00bb||30px|\u00a0\u00bb]<\/p>\n<h5><span style=\"font-size: 16px; color: #faa152;\">\u20ac<\/span><span style=\"font-size: 16px; color: #faa152;\">20\/day<\/span><\/h5>\n<p>*  P40 Shotoku: tr\u00e9pied pour cam\u00e9ra vid\u00e9o 5 kg max<\/p>\n<p>*  T\u00eate fluide robuste, manipulation simple<\/p>\n<p>*  Design moderne et ergonomique[\/et_pb_toggle][\/et_pb_column][et_pb_column type=\u00a0\u00bb1_3&Prime; _builder_version=\u00a0\u00bb3.0.47&Prime; background_color=\u00a0\u00bb#ffffff\u00a0\u00bb parallax=\u00a0\u00bboff\u00a0\u00bb parallax_method=\u00a0\u00bbon\u00a0\u00bb][et_pb_image src=\u00a0\u00bbhttps:\/\/multia2z.com\/wp-content\/uploads\/2018\/11\/xf300-professional-camcorder-front-d.jpg\u00a0\u00bb use_overlay=\u00a0\u00bbon\u00a0\u00bb overlay_icon_color=\u00a0\u00bb#dc7307&Prime; hover_overlay_color=\u00a0\u00bbrgba(255,255,255,0.85)\u00a0\u00bb _builder_version=\u00a0\u00bb3.18.2&Prime; custom_margin=\u00a0\u00bb11px||\u00a0\u00bb][\/et_pb_image][et_pb_toggle title=\u00a0\u00bbCam\u00e9scope Canon XF 300 Pro\u00a0\u00bb open_toggle_background_color=\u00a0\u00bbrgba(0,0,0,0)\u00a0\u00bb closed_toggle_background_color=\u00a0\u00bbrgba(0,0,0,0)\u00a0\u00bb _builder_version=\u00a0\u00bb3.18.2&Prime; title_level=\u00a0\u00bbh4&Prime; title_font=\u00a0\u00bb|700|||||||\u00a0\u00bb title_font_size=\u00a0\u00bb16px\u00a0\u00bb title_font_size_last_edited=\u00a0\u00bboff|desktop\u00a0\u00bb title_line_height=\u00a0\u00bb1.6em\u00a0\u00bb body_font=\u00a0\u00bbJosefin Sans||||||||\u00a0\u00bb body_font_size=\u00a0\u00bb15px\u00a0\u00bb body_line_height=\u00a0\u00bb1.8em\u00a0\u00bb border_width_all=\u00a0\u00bb0px\u00a0\u00bb border_color_all=\u00a0\u00bbrgba(0,0,0,0.12)\u00a0\u00bb border_width_top=\u00a0\u00bb1px\u00a0\u00bb custom_margin=\u00a0\u00bb||30px|\u00a0\u00bb locked=\u00a0\u00bboff\u00a0\u00bb]<\/p>\n<h5><span style=\"font-size: 16px; color: #faa152;\">\u20ac<\/span><span style=\"font-size: 16px; color: #faa152;\">125\/day<\/span><\/h5>\n<p>*  Fichiers MXF MPEG-2 sur carte CF, 50 Mbit \/ s (4: 2: 2), pixel 2,07 M<\/p>\n<p>*  Grand angle 18x s\u00e9rie L de Canon<\/p>\n<p>*  3 capteurs CMOS 1\/3 Canon Full HD[\/et_pb_toggle][\/et_pb_column][et_pb_column type=\u00a0\u00bb1_3&Prime; _builder_version=\u00a0\u00bb3.0.47&Prime; background_color=\u00a0\u00bb#ffffff\u00a0\u00bb parallax=\u00a0\u00bboff\u00a0\u00bb parallax_method=\u00a0\u00bbon\u00a0\u00bb][et_pb_image src=\u00a0\u00bbhttps:\/\/multia2z.com\/wp-content\/uploads\/2018\/11\/projecteur-led-idv-1001bc-1-1.jpg\u00a0\u00bb use_overlay=\u00a0\u00bbon\u00a0\u00bb overlay_icon_color=\u00a0\u00bb#dc7307&Prime; hover_overlay_color=\u00a0\u00bbrgba(255,255,255,0.85)\u00a0\u00bb _builder_version=\u00a0\u00bb3.18.2&Prime; custom_margin=\u00a0\u00bb6px||15px|\u00a0\u00bb][\/et_pb_image][et_pb_toggle title=\u00a0\u00bbProjecteur  LED \u2013 1001BC\u00a0\u00bb open_toggle_background_color=\u00a0\u00bbrgba(0,0,0,0)\u00a0\u00bb closed_toggle_background_color=\u00a0\u00bbrgba(0,0,0,0)\u00a0\u00bb _builder_version=\u00a0\u00bb3.18.2&Prime; title_level=\u00a0\u00bbh4&Prime; title_font=\u00a0\u00bb|700|||||||\u00a0\u00bb title_font_size=\u00a0\u00bb16px\u00a0\u00bb title_font_size_last_edited=\u00a0\u00bboff|desktop\u00a0\u00bb title_line_height=\u00a0\u00bb1.6em\u00a0\u00bb body_font=\u00a0\u00bbJosefin Sans||||||||\u00a0\u00bb body_font_size=\u00a0\u00bb15px\u00a0\u00bb body_line_height=\u00a0\u00bb1.8em\u00a0\u00bb border_width_all=\u00a0\u00bb0px\u00a0\u00bb border_color_all=\u00a0\u00bbrgba(0,0,0,0.12)\u00a0\u00bb border_width_top=\u00a0\u00bb1px\u00a0\u00bb custom_margin=\u00a0\u00bb||30px|\u00a0\u00bb locked=\u00a0\u00bboff\u00a0\u00bb]<\/p>\n<h5><span style=\"font-size: 16px; color: #faa152;\">\u20ac<\/span><span style=\"font-size: 16px; color: #faa152;\">30\/day<\/span><\/h5>\n<p>*  Illumination de 5300 lux \u00e0 1 m<\/p>\n<p>*  Temp\u00e9rature de couleur r\u00e9glable de 3.200 K \u00e0 5.600 K<\/p>\n<p>*  Batterie DYAN Core DS-150SI[\/et_pb_toggle][\/et_pb_column][\/et_pb_row][et_pb_row use_custom_width=\u00a0\u00bbon\u00a0\u00bb custom_width_px=\u00a0\u00bb1280px\u00a0\u00bb use_custom_gutter=\u00a0\u00bbon\u00a0\u00bb gutter_width=\u00a0\u00bb2&Prime; custom_margin=\u00a0\u00bb||30px|\u00a0\u00bb background_color_1=\u00a0\u00bb#ffffff\u00a0\u00bb background_color_2=\u00a0\u00bb#ffffff\u00a0\u00bb background_color_3=\u00a0\u00bb#ffffff\u00a0\u00bb background_color_4=\u00a0\u00bb#ffffff\u00a0\u00bb _builder_version=\u00a0\u00bb3.9&Prime;][et_pb_column type=\u00a0\u00bb1_3&Prime; _builder_version=\u00a0\u00bb3.0.47&Prime; background_color=\u00a0\u00bb#ffffff\u00a0\u00bb parallax=\u00a0\u00bboff\u00a0\u00bb parallax_method=\u00a0\u00bbon\u00a0\u00bb][et_pb_image src=\u00a0\u00bbhttps:\/\/multia2z.com\/wp-content\/uploads\/2018\/11\/rode_ntg1_short_straight_microphone_rode1021381.jpg\u00a0\u00bb use_overlay=\u00a0\u00bbon\u00a0\u00bb overlay_icon_color=\u00a0\u00bb#dc7307&Prime; hover_overlay_color=\u00a0\u00bbrgba(255,255,255,0.85)\u00a0\u00bb force_fullwidth=\u00a0\u00bbon\u00a0\u00bb _builder_version=\u00a0\u00bb3.15&Prime; custom_margin=\u00a0\u00bb-8px||25px|\u00a0\u00bb][\/et_pb_image][et_pb_toggle title=\u00a0\u00bbMicro RODE NTG 1&Prime; open_toggle_background_color=\u00a0\u00bbrgba(0,0,0,0)\u00a0\u00bb closed_toggle_background_color=\u00a0\u00bbrgba(0,0,0,0)\u00a0\u00bb _builder_version=\u00a0\u00bb3.18.2&Prime; title_level=\u00a0\u00bbh4&Prime; title_font=\u00a0\u00bb|700|||||||\u00a0\u00bb title_font_size=\u00a0\u00bb16px\u00a0\u00bb title_font_size_last_edited=\u00a0\u00bboff|desktop\u00a0\u00bb title_line_height=\u00a0\u00bb1.6em\u00a0\u00bb body_font=\u00a0\u00bbJosefin Sans||||||||\u00a0\u00bb body_font_size=\u00a0\u00bb15px\u00a0\u00bb body_line_height=\u00a0\u00bb1.8em\u00a0\u00bb border_width_all=\u00a0\u00bb0px\u00a0\u00bb border_color_all=\u00a0\u00bbrgba(0,0,0,0.12)\u00a0\u00bb border_width_top=\u00a0\u00bb1px\u00a0\u00bb custom_margin=\u00a0\u00bb||30px|\u00a0\u00bb]<\/p>\n<h5><span style=\"font-size: 16px; color: #faa152;\">\u20ac<\/span><span style=\"font-size: 16px; color: #faa152;\">20\/day<\/span><\/h5>\n<p>*  Bande passante 20Hz ~ 20kHz<\/p>\n<p>*  Filtre passe-haut (80Hz)<\/p>\n<p>*  105gm l\u00e9ger[\/et_pb_toggle][\/et_pb_column][et_pb_column type=\u00a0\u00bb1_3&Prime; _builder_version=\u00a0\u00bb3.0.47&Prime; background_color=\u00a0\u00bb#ffffff\u00a0\u00bb parallax=\u00a0\u00bboff\u00a0\u00bb parallax_method=\u00a0\u00bbon\u00a0\u00bb][et_pb_image src=\u00a0\u00bbhttps:\/\/multia2z.com\/wp-content\/uploads\/2018\/11\/803d12-23113f-sennheiser-ew-112-p-g3-wireless-mic.jpg\u00a0\u00bb use_overlay=\u00a0\u00bbon\u00a0\u00bb overlay_icon_color=\u00a0\u00bb#dc7307&Prime; hover_overlay_color=\u00a0\u00bbrgba(255,255,255,0.85)\u00a0\u00bb _builder_version=\u00a0\u00bb3.18.2&Prime; custom_margin=\u00a0\u00bb5px||\u00a0\u00bb][\/et_pb_image][et_pb_toggle title=\u00a0\u00bbSennheiser EW100-G3&Prime; open_toggle_background_color=\u00a0\u00bbrgba(0,0,0,0)\u00a0\u00bb closed_toggle_background_color=\u00a0\u00bbrgba(0,0,0,0)\u00a0\u00bb _builder_version=\u00a0\u00bb3.18.2&Prime; title_level=\u00a0\u00bbh4&Prime; title_font=\u00a0\u00bb|700|||||||\u00a0\u00bb title_font_size=\u00a0\u00bb16px\u00a0\u00bb title_font_size_last_edited=\u00a0\u00bboff|desktop\u00a0\u00bb title_line_height=\u00a0\u00bb1.6em\u00a0\u00bb body_font=\u00a0\u00bbJosefin Sans||||||||\u00a0\u00bb body_font_size=\u00a0\u00bb15px\u00a0\u00bb body_line_height=\u00a0\u00bb1.8em\u00a0\u00bb border_width_all=\u00a0\u00bb0px\u00a0\u00bb border_color_all=\u00a0\u00bbrgba(0,0,0,0.12)\u00a0\u00bb border_width_top=\u00a0\u00bb1px\u00a0\u00bb custom_margin=\u00a0\u00bb||30px|\u00a0\u00bb locked=\u00a0\u00bboff\u00a0\u00bb]<\/p>\n<h5><span style=\"font-size: 16px; color: #faa152;\">\u20ac<\/span><span style=\"font-size: 16px; color: #faa152;\">30\/day<\/span><\/h5>\n<p>*  Fr\u00e9quence de r\u00e9ception: 1680 pr\u00e9r\u00e9glages<\/p>\n<p>*  R\u00e9ponse en fr\u00e9quence: 80 &#8230; 18000 Hz<\/p>\n<p>*  Flexibilit\u00e9 maximale: ext\u00e9rieur et int\u00e9rieur[\/et_pb_toggle][\/et_pb_column][et_pb_column type=\u00a0\u00bb1_3&Prime; _builder_version=\u00a0\u00bb3.0.47&Prime; background_color=\u00a0\u00bb#ffffff\u00a0\u00bb parallax=\u00a0\u00bboff\u00a0\u00bb parallax_method=\u00a0\u00bbon\u00a0\u00bb][et_pb_image src=\u00a0\u00bbhttps:\/\/multia2z.com\/wp-content\/uploads\/2018\/11\/zoom1-1.png\u00a0\u00bb use_overlay=\u00a0\u00bbon\u00a0\u00bb overlay_icon_color=\u00a0\u00bb#dc7307&Prime; hover_overlay_color=\u00a0\u00bbrgba(255,255,255,0.85)\u00a0\u00bb _builder_version=\u00a0\u00bb3.18.2&Prime; custom_margin=\u00a0\u00bb||15px|\u00a0\u00bb][\/et_pb_image][et_pb_toggle title=\u00a0\u00bbZoom H6&Prime; open_toggle_background_color=\u00a0\u00bbrgba(0,0,0,0)\u00a0\u00bb closed_toggle_background_color=\u00a0\u00bbrgba(0,0,0,0)\u00a0\u00bb _builder_version=\u00a0\u00bb3.18.2&Prime; title_level=\u00a0\u00bbh4&Prime; title_font=\u00a0\u00bb|700|||||||\u00a0\u00bb title_font_size=\u00a0\u00bb16px\u00a0\u00bb title_font_size_last_edited=\u00a0\u00bboff|desktop\u00a0\u00bb title_line_height=\u00a0\u00bb1.6em\u00a0\u00bb body_font=\u00a0\u00bbJosefin Sans||||||||\u00a0\u00bb body_font_size=\u00a0\u00bb15px\u00a0\u00bb body_line_height=\u00a0\u00bb1.8em\u00a0\u00bb border_width_all=\u00a0\u00bb0px\u00a0\u00bb border_color_all=\u00a0\u00bbrgba(0,0,0,0.12)\u00a0\u00bb border_width_top=\u00a0\u00bb1px\u00a0\u00bb custom_margin=\u00a0\u00bb||30px|\u00a0\u00bb locked=\u00a0\u00bboff\u00a0\u00bb]<\/p>\n<h5><span style=\"font-size: 16px; color: #faa152;\">\u20ac<\/span><span style=\"font-size: 16px; color: #faa152;\">30\/day<\/span><\/h5>\n<p>*  quatre entr\u00e9es principales (1-4), plus deux entr\u00e9es suppl\u00e9mentaires (L, R)<\/p>\n<p>*  R\u00e9ponse en fr\u00e9quence: 80 &#8230; 18000 Hz<\/p>\n<p>*  Flexibilit\u00e9 maximale: ext\u00e9rieur et int\u00e9rieur[\/et_pb_toggle][\/et_pb_column][\/et_pb_row][et_pb_row _builder_version=\u00a0\u00bb3.18.2&Prime;][et_pb_column type=\u00a0\u00bb4_4&Prime; _builder_version=\u00a0\u00bb3.18.2&Prime; parallax=\u00a0\u00bboff\u00a0\u00bb parallax_method=\u00a0\u00bbon\u00a0\u00bb][et_pb_toggle title=\u00a0\u00bbComment r\u00e9server?\u00a0\u00bb _builder_version=\u00a0\u00bb3.18.2&Prime;]<\/p>\n<p>Il y a 3 fa\u00e7ons de faire la r\u00e9servation<\/p>\n<ol>\n<li>Appelez-nous au &#8211; 01 83 92 64 04<span class=\"LrzXr zdqRlf kno-fv\"><\/span><\/li>\n<li><span>Visitez notre espace d&rsquo;affaire au 73 Boulevard de Strasbourg, 75010 Paris<\/span><\/li>\n<li>Envoyez-nous un e-mail pour la r\u00e9servation.<\/li>\n<li>Votre r\u00e9servation sera confirm\u00e9e par un e-mail contenant les prix. Vous pourrez ensuite confirmer votre r\u00e9servation et proc\u00e9der au paiement.<\/li>\n<\/ol>\n<p>[\/et_pb_toggle][et_pb_toggle title=\u00a0\u00bbConditions g\u00e9n\u00e9rales de r\u00e9servation\u00a0\u00bb _builder_version=\u00a0\u00bb3.18.2&Prime;]<\/p>\n<ol>\n<li>La r\u00e9servation se fait quotidiennement, c&rsquo;est-\u00e0-dire pendant 24 heures.<\/li>\n<li>La r\u00e9servation effectu\u00e9e le samedi sera factur\u00e9e en totalit\u00e9 pour le samedi et de 50% pour le dimanche. Les \u00e9quipements lou\u00e9s doivent ensuite \u00eatre restitu\u00e9s le lundi matin.<\/li>\n<li>Pour louer chaque \u00e9quipement, nous demanderons un ch\u00e8que d\u2019avance avec copie de la carte d\u2019identit\u00e9 du locataire. La somme sera vari\u00e9e en fonction du prix des \u00e9quipements. En cas de d\u00e9t\u00e9rioration des \u00e9quipements, le ch\u00e8que d\u00e9pos\u00e9 \u00e0 titre de pr\u00e9caution servira \u00e0 couvrir les frais de r\u00e9paration ou de remplacement.<\/li>\n<\/ol>\n<p>[\/et_pb_toggle][\/et_pb_column][\/et_pb_row][et_pb_row module_id=\u00a0\u00bbrentalservice\u00a0\u00bb _builder_version=\u00a0\u00bb3.18.2&Prime;][et_pb_column type=\u00a0\u00bb4_4&Prime; _builder_version=\u00a0\u00bb3.0.47&Prime; parallax=\u00a0\u00bboff\u00a0\u00bb parallax_method=\u00a0\u00bbon\u00a0\u00bb][et_pb_code _builder_version=\u00a0\u00bb3.18.2&Prime; max_width_last_edited=\u00a0\u00bbon|desktop\u00a0\u00bb module_alignment=\u00a0\u00bbcenter\u00a0\u00bb][\/et_pb_code][\/et_pb_column][\/et_pb_row][\/et_pb_section][et_pb_section fb_built=\u00a0\u00bb1&Prime; custom_padding_last_edited=\u00a0\u00bbon|phone\u00a0\u00bb prev_background_color=\u00a0\u00bb#f5f6f7&Prime; next_background_color=\u00a0\u00bb#ffffff\u00a0\u00bb admin_label=\u00a0\u00bbSatisfaction Guaranteed\u00a0\u00bb _builder_version=\u00a0\u00bb3.18.2&Prime; use_background_color_gradient=\u00a0\u00bbon\u00a0\u00bb background_color_gradient_start=\u00a0\u00bbrgba(43,78,136,0.85)\u00a0\u00bb background_color_gradient_end=\u00a0\u00bb#063661&Prime; background_color_gradient_direction=\u00a0\u00bb212deg\u00a0\u00bb background_color_gradient_overlays_image=\u00a0\u00bbon\u00a0\u00bb custom_margin=\u00a0\u00bb|||\u00a0\u00bb custom_padding=\u00a0\u00bb200px|0px|200px|0px|true|false\u00a0\u00bb custom_padding_tablet=\u00a0\u00bb120px||120px||true\u00a0\u00bb custom_padding_phone=\u00a0\u00bb60px||60px||true\u00a0\u00bb top_divider_style=\u00a0\u00bbwave2&Prime; top_divider_height=\u00a0\u00bb200px\u00a0\u00bb top_divider_repeat=\u00a0\u00bb0.5x\u00a0\u00bb top_divider_flip=\u00a0\u00bbhorizontal\u00a0\u00bb top_divider_height_tablet=\u00a0\u00bb110px\u00a0\u00bb top_divider_height_phone=\u00a0\u00bb70px\u00a0\u00bb top_divider_height_last_edited=\u00a0\u00bbon|phone\u00a0\u00bb bottom_divider_style=\u00a0\u00bbwave2&Prime; bottom_divider_height=\u00a0\u00bb200px\u00a0\u00bb bottom_divider_repeat=\u00a0\u00bb0.3x\u00a0\u00bb bottom_divider_flip=\u00a0\u00bbvertical|horizontal\u00a0\u00bb bottom_divider_height_phone=\u00a0\u00bb70px\u00a0\u00bb bottom_divider_height_last_edited=\u00a0\u00bbon|phone\u00a0\u00bb][et_pb_row _builder_version=\u00a0\u00bb3.8&Prime;][et_pb_column type=\u00a0\u00bb4_4&Prime; _builder_version=\u00a0\u00bb3.0.47&Prime; parallax=\u00a0\u00bboff\u00a0\u00bb parallax_method=\u00a0\u00bbon\u00a0\u00bb][et_pb_text _builder_version=\u00a0\u00bb3.18.2&Prime; text_font=\u00a0\u00bbJosefin Sans||||||||\u00a0\u00bb text_font_size=\u00a0\u00bb20px\u00a0\u00bb text_line_height=\u00a0\u00bb1.8em\u00a0\u00bb header_font=\u00a0\u00bb||||||||\u00a0\u00bb header_2_font=\u00a0\u00bbJosefin Sans|700|||||||\u00a0\u00bb header_2_font_size=\u00a0\u00bb60px\u00a0\u00bb header_2_font_size_tablet=\u00a0\u00bb50px\u00a0\u00bb header_2_font_size_phone=\u00a0\u00bb34px\u00a0\u00bb header_2_font_size_last_edited=\u00a0\u00bbon|phone\u00a0\u00bb header_2_line_height=\u00a0\u00bb1.4em\u00a0\u00bb text_orientation=\u00a0\u00bbcenter\u00a0\u00bb background_layout=\u00a0\u00bbdark\u00a0\u00bb max_width=\u00a0\u00bb800px\u00a0\u00bb module_alignment=\u00a0\u00bbcenter\u00a0\u00bb]<\/p>\n<h2>Tarifs les plus bas et locations de la plus haute qualit\u00e9<\/h2>\n<p>[\/et_pb_text][\/et_pb_column][\/et_pb_row][\/et_pb_section]<\/p>\n","protected":false},"excerpt":{"rendered":"<p>location de studio \u00e0 partir de 30\u20ac\/heure TARIF DE LOCATION DE STUDIO Acompte obligatoire pour la r\u00e9servation Du lundi au samedi 1\u00e8re heure 30,00\u20ac TTC 2\u00e8me heure 25,00\u20ac TTC Heure(s) suivante(s) 20,00\u20ac TTC Forfait \u00e0 la journ\u00e9e 120,00 \u20ac HT soit 144,00 \u20ac TTC de 11h \u00e0 20h (du lundi au samedi) Fonds tissu gratuits [&hellip;]<\/p>\n","protected":false},"author":1,"featured_media":0,"parent":0,"menu_order":0,"comment_status":"closed","ping_status":"closed","template":"","meta":{"_et_pb_use_builder":"on","_et_pb_old_content":"","_et_gb_content_width":"","footnotes":""},"class_list":["post-32987","page","type-page","status-publish","hentry"],"_links":{"self":[{"href":"https:\/\/multia2z.com\/fr\/wp-json\/wp\/v2\/pages\/32987","targetHints":{"allow":["GET"]}}],"collection":[{"href":"https:\/\/multia2z.com\/fr\/wp-json\/wp\/v2\/pages"}],"about":[{"href":"https:\/\/multia2z.com\/fr\/wp-json\/wp\/v2\/types\/page"}],"author":[{"embeddable":true,"href":"https:\/\/multia2z.com\/fr\/wp-json\/wp\/v2\/users\/1"}],"replies":[{"embeddable":true,"href":"https:\/\/multia2z.com\/fr\/wp-json\/wp\/v2\/comments?post=32987"}],"version-history":[{"count":23,"href":"https:\/\/multia2z.com\/fr\/wp-json\/wp\/v2\/pages\/32987\/revisions"}],"predecessor-version":[{"id":34541,"href":"https:\/\/multia2z.com\/fr\/wp-json\/wp\/v2\/pages\/32987\/revisions\/34541"}],"wp:attachment":[{"href":"https:\/\/multia2z.com\/fr\/wp-json\/wp\/v2\/media?parent=32987"}],"curies":[{"name":"wp","href":"https:\/\/api.w.org\/{rel}","templated":true}]}}